{"id":141,"date":"2024-02-26T19:19:41","date_gmt":"2024-02-26T19:19:41","guid":{"rendered":"https:\/\/compartamosfinancetoluca.com\/?page_id=141"},"modified":"2024-10-24T01:24:12","modified_gmt":"2024-10-24T07:24:12","slug":"aviso-de-privacidad","status":"publish","type":"page","link":"https:\/\/compartamosfinancetoluca.com\/index.php\/aviso-de-privacidad\/","title":{"rendered":"AVISO DE PRIVACIDAD"},"content":{"rendered":"<div class=\"fusion-fullwidth fullwidth-box fusion-builder-row-1 fusion-flex-container has-pattern-background has-mask-background nonhundred-percent-fullwidth non-hundred-percent-height-scrolling\" style=\"--awb-border-radius-top-left:0px;--awb-border-radius-top-right:0px;--awb-border-radius-bottom-right:0px;--awb-border-radius-bottom-left:0px;--awb-flex-wrap:wrap;\" ><div class=\"fusion-builder-row fusion-row fusion-flex-align-items-flex-start fusion-flex-content-wrap\" style=\"max-width:1248px;margin-left: calc(-4% \/ 2 );margin-right: calc(-4% \/ 2 );\"><div class=\"fusion-layout-column fusion_builder_column fusion-builder-column-0 fusion_builder_column_1_1 1_1 fusion-flex-column\" style=\"--awb-bg-size:cover;--awb-width-large:100%;--awb-margin-top-large:0px;--awb-spacing-right-large:1.92%;--awb-margin-bottom-large:20px;--awb-spacing-left-large:1.92%;--awb-width-medium:100%;--awb-order-medium:0;--awb-spacing-right-medium:1.92%;--awb-spacing-left-medium:1.92%;--awb-width-small:100%;--awb-order-small:0;--awb-spacing-right-small:1.92%;--awb-spacing-left-small:1.92%;\" data-motion-effects=\"[{&quot;type&quot;:&quot;&quot;,&quot;scroll_type&quot;:&quot;transition&quot;,&quot;scroll_direction&quot;:&quot;up&quot;,&quot;transition_speed&quot;:&quot;1&quot;,&quot;fade_type&quot;:&quot;in&quot;,&quot;scale_type&quot;:&quot;up&quot;,&quot;initial_scale&quot;:&quot;1&quot;,&quot;max_scale&quot;:&quot;1.5&quot;,&quot;min_scale&quot;:&quot;0.5&quot;,&quot;initial_rotate&quot;:&quot;0&quot;,&quot;end_rotate&quot;:&quot;30&quot;,&quot;initial_blur&quot;:&quot;0&quot;,&quot;end_blur&quot;:&quot;3&quot;,&quot;start_element&quot;:&quot;top&quot;,&quot;start_viewport&quot;:&quot;bottom&quot;,&quot;end_element&quot;:&quot;bottom&quot;,&quot;end_viewport&quot;:&quot;top&quot;,&quot;mouse_effect&quot;:&quot;track&quot;,&quot;mouse_effect_direction&quot;:&quot;opposite&quot;,&quot;mouse_effect_speed&quot;:&quot;2&quot;,&quot;infinite_animation&quot;:&quot;float&quot;,&quot;infinite_animation_speed&quot;:&quot;2&quot;}]\" data-scroll-devices=\"small-visibility,medium-visibility,large-visibility\"><div class=\"fusion-column-wrapper fusion-column-has-shadow fusion-flex-justify-content-flex-start fusion-content-layout-column\"><div class=\"fusion-separator fusion-full-width-sep\" style=\"align-self: center;margin-left: auto;margin-right: auto;margin-top:50px;width:100%;\"><\/div><div class=\"fusion-title title fusion-title-1 fusion-sep-none fusion-title-center fusion-title-text fusion-title-size-one\" style=\"--awb-text-color:var(--awb-color2);--awb-font-size:35px;\"><h1 class=\"fusion-title-heading title-heading-center\" style=\"font-family:&quot;Raleway&quot;;font-style:normal;font-weight:700;margin:0;font-size:1em;letter-spacing:0.025em;\">AVISO DE PRIVACIDAD<\/h1><\/div><div class=\"fusion-separator fusion-no-small-visibility\" style=\"align-self: center;margin-left: auto;margin-right: auto;margin-top:-15px;width:100%;max-width:100px;\"><div class=\"fusion-separator-border sep-single sep-solid\" style=\"--awb-height:20px;--awb-amount:20px;--awb-sep-color:var(--awb-color6);border-color:var(--awb-color6);border-top-width:3px;\"><\/div><\/div><div class=\"fusion-separator fusion-no-medium-visibility fusion-no-large-visibility\" style=\"align-self: center;margin-left: auto;margin-right: auto;margin-top:-5px;width:100%;max-width:100px;\"><div class=\"fusion-separator-border sep-single sep-solid\" style=\"--awb-height:20px;--awb-amount:20px;--awb-sep-color:var(--awb-color6);border-color:var(--awb-color6);border-top-width:3px;\"><\/div><\/div><div class=\"fusion-separator fusion-full-width-sep\" style=\"align-self: center;margin-left: auto;margin-right: auto;margin-top:25px;width:100%;\"><\/div><div class=\"fusion-text fusion-text-1\" style=\"--awb-content-alignment:justify;--awb-font-size:16px;--awb-text-color:var(--awb-color8);--awb-text-font-family:&quot;Raleway&quot;;--awb-text-font-style:normal;--awb-text-font-weight:400;\"><p>Compartamos Self Finance<br \/>Hace de su conocimiento los t\u00e9rminos y condiciones del trato de los datos personales. Autorizaci\u00f3n para el tratamiento de la informaci\u00f3n.<\/p>\n<p>Al consentir estos t\u00e9rminos, el Titular de la informaci\u00f3n autoriza a COMPARTAMOS SELF FINANCE a recabar y tratar sus datos personales (por ejemplo, nombre, domicilio, tel\u00e9fonos, correo electr\u00f3nico, copias de identificaciones y\/o documentos oficiales, informaci\u00f3n crediticia y\/o financiera, datos bancarios, datos de facturaci\u00f3n, etc.) que por su propia voluntad proporciona de manera escrita, por medios f\u00edsicos, electr\u00f3nicos, electromagn\u00e9ticos, visuales, sonoros o cualquier otro, la cual puede incluir datos personales sensibles como lo son: informaci\u00f3n del estado de salud.<\/p>\n<p>As\u00ed mismo, otorga su autorizaci\u00f3n para que COMPARTAMOS SELF FINANCE pueda tratar, usar, almacenar y\/o transferir sus datos personales (incluyendo datos sensibles) a terceros, sean nacionales o extranjeros, siempre que los datos sean utilizados para los fines que aqu\u00ed se se\u00f1alan.<\/p>\n<p>Finalidad<br \/>Los datos personales incluyendo los sensibles, ser\u00e1n utilizados \u00fanicamente para cumplir los fines para los cuales fueron proporcionados por su Titular, como son:<\/p>\n<p>1.- Sea de cumplimiento a la legislaci\u00f3n aplicable a la materia.<br \/>2.- Lleve a cabo el an\u00e1lisis de mis datos personales con la finalidad de decidir sobre el otorgamiento del plan de autofinanciamiento contratado.<br \/>3.- Del cumplimiento de las obligaciones que deriven del contrato que en su caso se documente para formalizar el otorgamiento de su adjudicaci\u00f3n.<br \/>4.- Pueda transferir por cualquier medio mis datos personales a personas f\u00edsicas y morales, ya sean estas empresas o filiales, subsidiarias o relacionadas, proveedores y\/o terceros que presten sus servicios a COMPARTAMOS SELF FINANCE para la realizaci\u00f3n de sus operaciones y consecuci\u00f3n de sus fines.<br \/>5.- En general a COMPARTAMOS SELF FINANCE, sus partes relacionadas, proveedores y\/o terceros, puedan traer mis datos personales con fines financieros, administrativos, de calidad, publicitarios y\/o estad\u00edsticos.<\/p>\n<p>Protecci\u00f3n de Datos<br \/>COMPARTAMOS SELF FINANCE cuenta con los medios f\u00edsicos y digitales para proteger y limitar el uso o divulgaci\u00f3n de su informaci\u00f3n y no obtiene ni almacena informaci\u00f3n de ninguna especie mediante cookies, web beacons o similares durante el acceso a su p\u00e1gina web y no utiliza la informaci\u00f3n de los particulares para fines distintos a los relacionados con sus operaciones comerciales y\/o los arriba se\u00f1alados.<\/p>\n<p>Medio para ejercer los derechos relativos a su informaci\u00f3n. El Titular de la Informaci\u00f3n personal podr\u00e1 en cualquier momento ejercer los derechos de acceso, rectificaci\u00f3n, cancelaci\u00f3n u oposici\u00f3n de sus datos (ARCO), o bien, revocar el consentimiento que nos ha otorgado para el tratamiento de sus datos personales, a fin de que dejemos de hacer uso de los mismos. Para ello, es necesario que presente una solicitud por escrito dirigida a COMPARTAMOS SELF FINANCE, en el domicilio aqu\u00ed establecido, debiendo se\u00f1alar en la misma, domicilio y\/o correo electr\u00f3nico para recibir notificaciones, documentos que acrediten su identidad, descripci\u00f3n clara y precisa de los datos personales, el objeto de la solicitud y anexar copia de los documentos o elementos en que sustente su petici\u00f3n. COMPARTAMOS SELF FINANCE comunicar\u00e1 la respuesta en un plazo de 20 d\u00edas contados a partir de la recepci\u00f3n de la solicitud y la respuesta se notificar\u00e1 al Titular por el medio se\u00f1alado en la misma.<br \/>Modificaciones Cualquier modificaci\u00f3n a los t\u00e9rminos del Aviso de Privacidad se dar\u00e1 a conocer por medio del portal www.compartamosfinance.com y al no presentar oposici\u00f3n alguna dentro del t\u00e9rmino de 5 d\u00edas posteriores a la modificaci\u00f3n, se entiende que el Titular de la informaci\u00f3n consiente y est\u00e1 de acuerdo con los nuevos<br \/>t\u00e9rminos.<\/p>\n<p>Modificaciones<br \/>Cualquier modificaci\u00f3n a los t\u00e9rminos del Aviso de Privacidad se dar\u00e1 a conocer por medio del portal www.compartamosfinance.com y al no presentar oposici\u00f3n alguna dentro del t\u00e9rmino de 5 d\u00edas posteriores a la modificaci\u00f3n, se entiende que el Titular de la informaci\u00f3n consiente y est\u00e1 de acuerdo con los nuevos t\u00e9rminos.<\/p>\n<p>Consentimiento<br \/>Al proporcionar informaci\u00f3n personal y sensible de manera f\u00edsica, electr\u00f3nica o por cualquier medio, usted declara que ha le\u00eddo el presente Aviso de Privacidad y entiende el alcance y contenido del mismo, y al no manifestar oposici\u00f3n por escrito ante la empresa referida, expresa su entera conformidad con los t\u00e9rminos y autorizaciones aqu\u00ed contenidas. Si Usted no est\u00e1 de acuerdo con los t\u00e9rminos se\u00f1alados en este aviso, no ingrese ni proporcione sus datos personales por ning\u00fan medio.<\/p>\n<p>Contacto<br \/>COMPARTAMOS SELF FINANCE se\u00f1ala como domicilio para efectos de este aviso el ubicado en &#8220;domicilio&#8221;, o al correo electr\u00f3nico info@compartamosfinance.com.<\/p>\n<\/div><div class=\"fusion-separator fusion-full-width-sep\" style=\"align-self: center;margin-left: auto;margin-right: auto;margin-top:15px;width:100%;\"><\/div><div class=\"fusion-builder-row fusion-builder-row-inner fusion-row fusion-flex-align-items-flex-start fusion-flex-content-wrap\" style=\"width:104% !important;max-width:104% !important;margin-left: calc(-4% \/ 2 );margin-right: calc(-4% \/ 2 );\"><div class=\"fusion-layout-column fusion_builder_column_inner fusion-builder-nested-column-0 fusion_builder_column_inner_1_1 1_1 fusion-flex-column\" style=\"--awb-bg-size:cover;--awb-width-large:100%;--awb-margin-top-large:0px;--awb-spacing-right-large:1.92%;--awb-margin-bottom-large:20px;--awb-spacing-left-large:1.92%;--awb-width-medium:100%;--awb-order-medium:0;--awb-spacing-right-medium:1.92%;--awb-spacing-left-medium:1.92%;--awb-width-small:100%;--awb-order-small:0;--awb-spacing-right-small:1.92%;--awb-spacing-left-small:1.92%;\"><div class=\"fusion-column-wrapper fusion-column-has-shadow fusion-flex-justify-content-flex-start fusion-content-layout-column\"><div style=\"text-align:center;\"><a class=\"fusion-button button-flat button-large button-custom fusion-button-default button-1 fusion-button-default-span fusion-button-default-type\" style=\"--button_accent_color:var(--awb-color2);--button_border_color:var(--awb-color2);--button_accent_hover_color:var(--awb-color1);--button_border_hover_color:var(--awb-color1);--button_border_width-top:1px;--button_border_width-right:1px;--button_border_width-bottom:1px;--button_border_width-left:1px;--button_gradient_top_color:var(--awb-color1);--button_gradient_bottom_color:var(--awb-color1);--button_gradient_top_color_hover:var(--awb-color6);--button_gradient_bottom_color_hover:var(--awb-color6);--button_typography-letter-spacing:0.025em;--button_typography-font-family:&quot;Raleway&quot;;--button_typography-font-style:normal;--button_typography-font-weight:700;\" target=\"_self\" href=\"https:\/\/compartamosfinancetoluca.com\/\"><i class=\"fa-undo-alt fas button-icon-left\" aria-hidden=\"true\"><\/i><span class=\"fusion-button-text\">REGRESAR<\/span><\/a><\/div><\/div><\/div><\/div><div class=\"fusion-separator fusion-full-width-sep\" style=\"align-self: center;margin-left: auto;margin-right: auto;margin-top:50px;width:100%;\"><\/div><\/div><\/div><\/div><\/div>\n","protected":false},"excerpt":{"rendered":"","protected":false},"author":1,"featured_media":0,"parent":0,"menu_order":0,"comment_status":"closed","ping_status":"closed","template":"100-width.php","meta":{"footnotes":""},"class_list":["post-141","page","type-page","status-publish","hentry"],"_links":{"self":[{"href":"https:\/\/compartamosfinancetoluca.com\/index.php\/wp-json\/wp\/v2\/pages\/141","targetHints":{"allow":["GET"]}}],"collection":[{"href":"https:\/\/compartamosfinancetoluca.com\/index.php\/wp-json\/wp\/v2\/pages"}],"about":[{"href":"https:\/\/compartamosfinancetoluca.com\/index.php\/wp-json\/wp\/v2\/types\/page"}],"author":[{"embeddable":true,"href":"https:\/\/compartamosfinancetoluca.com\/index.php\/wp-json\/wp\/v2\/users\/1"}],"replies":[{"embeddable":true,"href":"https:\/\/compartamosfinancetoluca.com\/index.php\/wp-json\/wp\/v2\/comments?post=141"}],"version-history":[{"count":6,"href":"https:\/\/compartamosfinancetoluca.com\/index.php\/wp-json\/wp\/v2\/pages\/141\/revisions"}],"predecessor-version":[{"id":210,"href":"https:\/\/compartamosfinancetoluca.com\/index.php\/wp-json\/wp\/v2\/pages\/141\/revisions\/210"}],"wp:attachment":[{"href":"https:\/\/compartamosfinancetoluca.com\/index.php\/wp-json\/wp\/v2\/media?parent=141"}],"curies":[{"name":"wp","href":"https:\/\/api.w.org\/{rel}","templated":true}]}}